{"id":26,"date":"2013-11-23T14:40:58","date_gmt":"2013-11-23T12:40:58","guid":{"rendered":"http:\/\/recipes-simply-delicious.com\/de\/?page_id=26"},"modified":"2015-05-18T17:37:09","modified_gmt":"2015-05-18T16:37:09","slug":"ueber-uns","status":"publish","type":"page","link":"http:\/\/recipes-simply-delicious.com\/de\/ueber-uns\/","title":{"rendered":"\u00dcber Uns"},"content":{"rendered":"<p><strong>Die Idee<\/strong><\/p>\n<p>Um ehrlich zu sein: Koch- und Back-Profis sind wir keine. Genau darum geht\u2019s. Wir lieben einfach gutes Essen und haben oft Freunde zu Besuch, die gutes Essen genauso lieben.<\/p>\n<p>Trotzdem wollen wir nicht stundenlang in der K\u00fcche stehen, um komplizierte Rezepte auszuprobieren, die dann vielleicht doch nicht funktionieren.<\/p>\n<p>Konkret brechen wir aufwendige Rezepte herunter und passen sie unseren Vorstellungen an \u2013 bis die Rezepte einfach &amp; k\u00f6stlich sind:<br \/>\n<strong>Recipes. Simply delicious.<\/strong><\/p>\n<p>Du bist hier richtig, wenn<\/p>\n<ul>\n<li>du Spa\u00df daran hast in der K\u00fcche etwas auszuprobieren<\/li>\n<li>du dich nicht lange verk\u00fcnsteln willst, um ein Rezept erfolgreich nachzukochen<\/li>\n<li>du oft G\u00e4ste bekommst, die du mit leckerem Essen \u00fcberraschen m\u00f6chtest<\/li>\n<li>du gerne zusammen mit Freunden kochst<\/li>\n<\/ul>\n<p>Grunds\u00e4tzlich versuchen wir auf Fertigprodukte zu verzichten, Fleisch aus biologischer Haltung und Gem\u00fcse sowie Obst aus \u00f6kologischem Anbau zu verwenden \u2013 wie vermutlich die meisten, sind wir aber auch noch auf dem Weg.<\/p>\n<p><a href=\"http:\/\/recipes-simply-delicious.com\/de\/ueber-uns\/\"><img decoding=\"async\" loading=\"lazy\" class=\"aligncenter size-full wp-image-188\" src=\"http:\/\/recipes-simply-delicious.com\/de\/wp-content\/uploads\/sites\/2\/2013\/11\/michelle_jacqueline_s.jpg\" alt=\"Michelle &amp; Jacqueline\" width=\"700\" height=\"452\" srcset=\"http:\/\/recipes-simply-delicious.com\/de\/wp-content\/uploads\/sites\/2\/2013\/11\/michelle_jacqueline_s.jpg 700w, http:\/\/recipes-simply-delicious.com\/de\/wp-content\/uploads\/sites\/2\/2013\/11\/michelle_jacqueline_s-300x193.jpg 300w\" sizes=\"(max-width: 700px) 100vw, 700px\" \/><\/a><\/p>\n<p><strong>Michelle &amp; Jacqueline<\/strong><\/p>\n<p>Michelle kommt aus Kanada, Jacqueline aus Deutschland. Diese Kombination legt eine gro\u00dfartige Grundlage f\u00fcr einen internationalen Food-Blog. In unseren Rezepten vereinen wir das Beste aus der kanadischen und deutschen K\u00fcche zusammen mit anderen kulinarischen Einfl\u00fcssen. Wir hoffen, dass du viel Spa\u00df und super Ergebnisse beim Kochen und Backen mit unseren Rezepten hast!<\/p>\n<p style=\"text-align: center;\"><a href=\"http:\/\/recipes-simply-delicious.com\/de\/ueber-uns\/ \"><img decoding=\"async\" loading=\"lazy\" class=\"aligncenter  wp-image-185\" src=\"http:\/\/recipes-simply-delicious.com\/de\/wp-content\/uploads\/sites\/2\/2013\/11\/michelle.jpg\" alt=\"Michelle\" width=\"280\" height=\"373\" srcset=\"http:\/\/recipes-simply-delicious.com\/de\/wp-content\/uploads\/sites\/2\/2013\/11\/michelle.jpg 467w, http:\/\/recipes-simply-delicious.com\/de\/wp-content\/uploads\/sites\/2\/2013\/11\/michelle-225x300.jpg 225w\" sizes=\"(max-width: 280px) 100vw, 280px\" \/><\/a><\/p>\n<p><strong>Michelle<br \/>\n<\/strong>Fotografin \u2013 reist viel und gerne \u2013 liebt Tanzen \u2013 genie\u00dft es, drau\u00dfen zu sein \u2013 hat den besten Ehemann, Familie und Freunde, die man sich w\u00fcnschen kann<\/p>\n<p style=\"text-align: center;\"><a href=\" http:\/\/recipes-simply-delicious.com\/de\/ueber-uns\/\"><img decoding=\"async\" loading=\"lazy\" class=\"aligncenter  wp-image-184\" src=\"http:\/\/recipes-simply-delicious.com\/de\/wp-content\/uploads\/sites\/2\/2013\/11\/jacqueline.jpg\" alt=\"Jacqueline\" width=\"420\" height=\"392\" srcset=\"http:\/\/recipes-simply-delicious.com\/de\/wp-content\/uploads\/sites\/2\/2013\/11\/jacqueline.jpg 700w, http:\/\/recipes-simply-delicious.com\/de\/wp-content\/uploads\/sites\/2\/2013\/11\/jacqueline-300x280.jpg 300w\" sizes=\"(max-width: 420px) 100vw, 420px\" \/><\/a><\/p>\n<p><strong>Jacqueline<\/strong><br \/>\nRedakteurin \u2013 kommt aus der Mode- und Medienbranche \u2013 liebt Tanzen &#8211; hat eine wunderbare kleine Familie &#8211; denkt oft, sie ist der gl\u00fccklichste Mensch der Welt<\/p>\n<p style=\"text-align: center;\">\n","protected":false},"excerpt":{"rendered":"<p>Die Idee Um ehrlich zu sein: Koch- und Back-Profis sind wir keine. Genau darum geht\u2019s. Wir lieben einfach gutes Essen und haben oft Freunde zu Besuch, die gutes Essen genauso lieben. Trotzdem wollen wir nicht stundenlang in der K\u00fcche stehen, um komplizierte Rezepte auszuprobieren, die dann vielleicht doch nicht funktionieren. Konkret brechen wir aufwendige Rezepte [&hellip;]<\/p>\n","protected":false},"author":2,"featured_media":188,"parent":0,"menu_order":0,"comment_status":"open","ping_status":"open","template":"","meta":{"_genesis_hide_title":false,"_genesis_hide_breadcrumbs":false,"_genesis_hide_singular_image":false,"_genesis_hide_footer_widgets":false,"_genesis_custom_body_class":"","_genesis_custom_post_class":"","_genesis_layout":""},"_links":{"self":[{"href":"http:\/\/recipes-simply-delicious.com\/de\/wp-json\/wp\/v2\/pages\/26"}],"collection":[{"href":"http:\/\/recipes-simply-delicious.com\/de\/wp-json\/wp\/v2\/pages"}],"about":[{"href":"http:\/\/recipes-simply-delicious.com\/de\/wp-json\/wp\/v2\/types\/page"}],"author":[{"embeddable":true,"href":"http:\/\/recipes-simply-delicious.com\/de\/wp-json\/wp\/v2\/users\/2"}],"replies":[{"embeddable":true,"href":"http:\/\/recipes-simply-delicious.com\/de\/wp-json\/wp\/v2\/comments?post=26"}],"version-history":[{"count":9,"href":"http:\/\/recipes-simply-delicious.com\/de\/wp-json\/wp\/v2\/pages\/26\/revisions"}],"predecessor-version":[{"id":772,"href":"http:\/\/recipes-simply-delicious.com\/de\/wp-json\/wp\/v2\/pages\/26\/revisions\/772"}],"wp:featuredmedia":[{"embeddable":true,"href":"http:\/\/recipes-simply-delicious.com\/de\/wp-json\/wp\/v2\/media\/188"}],"wp:attachment":[{"href":"http:\/\/recipes-simply-delicious.com\/de\/wp-json\/wp\/v2\/media?parent=26"}],"curies":[{"name":"wp","href":"https:\/\/api.w.org\/{rel}","templated":true}]}}